{"id":3315795,"date":"2024-02-29T08:52:57","date_gmt":"2024-02-29T07:52:57","guid":{"rendered":"https:\/\/dev.formex.se\/about-us\/press\/"},"modified":"2026-03-12T12:50:56","modified_gmt":"2026-03-12T11:50:56","slug":"press","status":"publish","type":"page","link":"https:\/\/waterexpo.se\/en\/press\/","title":{"rendered":"Press"},"content":{"rendered":"<p>[et_pb_section fb_built=&#8221;1&#8243; _builder_version=&#8221;4.27.5&#8243; _module_preset=&#8221;cc13b404-e2cb-487a-af92-9662f550d502&#8243; background_color=&#8221;#0068A2&#8243; use_background_color_gradient=&#8221;on&#8221; background_color_gradient_stops=&#8221;rgba(0,0,0,0) 50%|rgba(0,0,0,0.9) 100%&#8221; background_color_gradient_overlays_image=&#8221;on&#8221; background_image=&#8221;https:\/\/waterexpo.se\/wp-content\/uploads\/2026\/03\/reningsverk-1920&#215;1280-1.jpg&#8221; background_enable_image=&#8221;on&#8221; custom_margin=&#8221;||||false|false&#8221; hover_enabled=&#8221;0&#8243; global_colors_info=&#8221;{%22gcid-zqmeyyr1-ozjs-tdol-t9th-kdmdqxufunhr%22:%91%22border_color_right%22,%22border_color_right%22%93}&#8221; custom_days_label_text=&#8221;Days&#8221; custom_hours_label_text=&#8221;Hours&#8221; custom_minutes_label_text=&#8221;Minutes&#8221; custom_seconds_label_text=&#8221;Seconds&#8221; alt=&#8221;reningsverk&#8221; title_text=&#8221;reningsverk-1920&#215;1280&#8243; sticky_enabled=&#8221;0&#8243;][et_pb_row _builder_version=&#8221;4.27.4&#8243; _module_preset=&#8221;087478c9-bc28-42e0-b4eb-af3ef24da15a&#8221; background_enable_image=&#8221;off&#8221; global_colors_info=&#8221;{}&#8221; custom_days_label_text=&#8221;Days&#8221; custom_hours_label_text=&#8221;Hours&#8221; custom_minutes_label_text=&#8221;Minutes&#8221; custom_seconds_label_text=&#8221;Seconds&#8221;][et_pb_column type=&#8221;4_4&#8243; _builder_version=&#8221;4.24.0&#8243; _module_preset=&#8221;default&#8221; global_colors_info=&#8221;{}&#8221; custom_days_label_text=&#8221;Days&#8221; custom_hours_label_text=&#8221;Hours&#8221; custom_minutes_label_text=&#8221;Minutes&#8221; custom_seconds_label_text=&#8221;Seconds&#8221;][et_pb_cta title=&#8221;Press&#8221; button_url=&#8221;#&#8221; _builder_version=&#8221;4.27.5&#8243; _module_preset=&#8221;eeb10789-0922-445d-be67-cf374fa445b8&#8243; global_colors_info=&#8221;{%22gcid-m0fraqv3-qztm-9290-df11-7p07yu2mtcg6%22:%91%22header_text_color%22,%22button_text_color%22,%22button_border_color%22,%22header_text_color%22,%22button_text_color%22,%22button_border_color%22%93,%22gcid-zqmeyyr1-ozjs-tdol-t9th-kdmdqxufunhr%22:%91%22button_border_color%22,%22button_bg_color%22,%22button_border_color%22,%22button_bg_color%22,%22button_border_color%22,%22button_bg_color%22,%22button_border_color%22,%22button_bg_color%22%93,%22gcid-xe7ua1bg-8o1q-uq3m-f8ql-qk12tgltkuk4%22:%91%22button_border_color__hover%22,%22button_bg_color__hover%22%93,%22gcid-8ctl9olw-qzl0-39sh-h9m4-2r68cuzkve1q%22:%91%22button_border_color%22,%22button_border_color%22,%22button_border_color%22%93}&#8221; custom_days_label_text=&#8221;Days&#8221; custom_hours_label_text=&#8221;Hours&#8221; custom_minutes_label_text=&#8221;Minutes&#8221; custom_seconds_label_text=&#8221;Seconds&#8221;][\/et_pb_cta][\/et_pb_column][\/et_pb_row][\/et_pb_section][et_pb_section fb_built=&#8221;1&#8243; custom_padding_last_edited=&#8221;on|desktop&#8221; admin_label=&#8221;Text 50\/50&#8243; _builder_version=&#8221;4.24.2&#8243; _module_preset=&#8221;b3f17017-19e3-413d-bee4-db2b45745417&#8243; background_enable_color=&#8221;off&#8221; custom_padding=&#8221;50px||50px||true|false&#8221; custom_padding_tablet=&#8221;50px||50px||true|false&#8221; custom_padding_phone=&#8221;40px||40px||true|false&#8221; locked=&#8221;off&#8221; global_colors_info=&#8221;{%22gcid-qng9kyg2-vsbo-yeyi-y1qh-mjyidmpe0g12%22:%91%22background_color%22%93}&#8221; custom_days_label_text=&#8221;Days&#8221; custom_hours_label_text=&#8221;Hours&#8221; custom_minutes_label_text=&#8221;Minutes&#8221; custom_seconds_label_text=&#8221;Seconds&#8221;][et_pb_row custom_padding_last_edited=&#8221;on|phone&#8221; _builder_version=&#8221;4.24.2&#8243; _module_preset=&#8221;7e3c3bde-c7df-4118-b1b2-cc4e95f987d2&#8243; custom_margin=&#8221;||||false|false&#8221; custom_padding_tablet=&#8221;20px||||false|false&#8221; custom_padding_phone=&#8221;20px||||false|false&#8221; locked=&#8221;off&#8221; global_colors_info=&#8221;{}&#8221; custom_days_label_text=&#8221;Days&#8221; custom_hours_label_text=&#8221;Hours&#8221; custom_minutes_label_text=&#8221;Minutes&#8221; custom_seconds_label_text=&#8221;Seconds&#8221;][et_pb_column type=&#8221;4_4&#8243; _builder_version=&#8221;4.23.4&#8243; _module_preset=&#8221;default&#8221; global_colors_info=&#8221;{}&#8221; custom_days_label_text=&#8221;Days&#8221; custom_hours_label_text=&#8221;Hours&#8221; custom_minutes_label_text=&#8221;Minutes&#8221; custom_seconds_label_text=&#8221;Seconds&#8221;][et_pb_text _builder_version=&#8221;4.24.3&#8243; _module_preset=&#8221;1516b413-a12e-4174-b450-180a6b76608a&#8221; global_colors_info=&#8221;{}&#8221; custom_days_label_text=&#8221;Days&#8221; custom_hours_label_text=&#8221;Hours&#8221; custom_minutes_label_text=&#8221;Minutes&#8221; custom_seconds_label_text=&#8221;Seconds&#8221;]<\/p>\n<h2>Welcome to Stockholmsm\u00e4ssan&#8217;s press department<\/h2>\n<p>[\/et_pb_text][et_pb_divider _builder_version=&#8221;4.24.3&#8243; _module_preset=&#8221;32b869cc-7a8a-4e6b-9a4f-b78f04b1538a&#8221; global_colors_info=&#8221;{}&#8221; custom_days_label_text=&#8221;Days&#8221; custom_hours_label_text=&#8221;Hours&#8221; custom_minutes_label_text=&#8221;Minutes&#8221; custom_seconds_label_text=&#8221;Seconds&#8221;][\/et_pb_divider][\/et_pb_column][\/et_pb_row][et_pb_row column_structure=&#8221;2_3,1_3&#8243; gutter_width=&#8221;3&#8243; custom_padding_last_edited=&#8221;on|tablet&#8221; module_class=&#8221;text-text-row&#8221; _builder_version=&#8221;4.24.2&#8243; _module_preset=&#8221;7e3c3bde-c7df-4118-b1b2-cc4e95f987d2&#8243; custom_padding=&#8221;0px||||false|false&#8221; custom_padding_tablet=&#8221;||0px||false|false&#8221; custom_padding_phone=&#8221;||0px||false|false&#8221; locked=&#8221;off&#8221; global_colors_info=&#8221;{}&#8221; custom_days_label_text=&#8221;Days&#8221; custom_hours_label_text=&#8221;Hours&#8221; custom_minutes_label_text=&#8221;Minutes&#8221; custom_seconds_label_text=&#8221;Seconds&#8221;][et_pb_column type=&#8221;2_3&#8243; _builder_version=&#8221;4.24.2&#8243; _module_preset=&#8221;default&#8221; global_colors_info=&#8221;{}&#8221; custom_days_label_text=&#8221;Days&#8221; custom_hours_label_text=&#8221;Hours&#8221; custom_minutes_label_text=&#8221;Minutes&#8221; custom_seconds_label_text=&#8221;Seconds&#8221;][et_pb_text _builder_version=&#8221;4.27.0&#8243; _module_preset=&#8221;bca85c57-df5a-4e8b-88e6-3a9f8dc5e3db&#8221; global_colors_info=&#8221;{}&#8221; custom_days_label_text=&#8221;Days&#8221; custom_hours_label_text=&#8221;Hours&#8221; custom_minutes_label_text=&#8221;Minutes&#8221; custom_seconds_label_text=&#8221;Seconds&#8221;]<\/p>\n<p>Here you will find Nordiska Tr\u00e4dg\u00e5rdar press releases, high-resolution images, logos and press accreditation applications. During the fair, our Press Center at the fair is usually open. If you want to get in touch with us at Stockholmsm\u00e4ssan&#8217;s press office, email <a href=\"mailto:press@stockholmsmassan.se\">press@stockholmsmassan.se<\/a>.<\/p>\n<p>A warm welcome!<\/p>\n<p>[\/et_pb_text][\/et_pb_column][et_pb_column type=&#8221;1_3&#8243; _builder_version=&#8221;4.24.2&#8243; _module_preset=&#8221;default&#8221; global_colors_info=&#8221;{}&#8221; custom_days_label_text=&#8221;Days&#8221; custom_hours_label_text=&#8221;Hours&#8221; custom_minutes_label_text=&#8221;Minutes&#8221; custom_seconds_label_text=&#8221;Seconds&#8221;][\/et_pb_column][\/et_pb_row][\/et_pb_section][et_pb_section fb_built=&#8221;1&#8243; _builder_version=&#8221;4.24.2&#8243; _module_preset=&#8221;b2d03569-9621-412f-a11a-43e6aa613c16&#8243; background_color=&#8221;gcid-m0fraqv3-qztm-9290-df11-7p07yu2mtcg6&#8243; custom_padding=&#8221;50px||0px||false|false&#8221; custom_padding_tablet=&#8221;100px||||false|false&#8221; custom_padding_phone=&#8221;60px||0px||false|false&#8221; global_colors_info=&#8221;{%22gcid-zqmeyyr1-ozjs-tdol-t9th-kdmdqxufunhr%22:%91%22border_color_right%22,%22border_color_right%22%93,%22gcid-m0fraqv3-qztm-9290-df11-7p07yu2mtcg6%22:%91%22background_color%22%93}&#8221; custom_days_label_text=&#8221;Days&#8221; custom_hours_label_text=&#8221;Hours&#8221; custom_minutes_label_text=&#8221;Minutes&#8221; custom_seconds_label_text=&#8221;Seconds&#8221;][et_pb_row column_structure=&#8221;1_4,1_4,1_4,1_4&#8243; _builder_version=&#8221;4.24.2&#8243; _module_preset=&#8221;d33464ca-0a77-46c3-be08-7cf1342d9d69&#8243; locked=&#8221;off&#8221; custom_days_label_text=&#8221;Days&#8221; custom_hours_label_text=&#8221;Hours&#8221; custom_minutes_label_text=&#8221;Minutes&#8221; custom_seconds_label_text=&#8221;Seconds&#8221;][et_pb_column type=&#8221;1_4&#8243; _builder_version=&#8221;4.24.2&#8243; _module_preset=&#8221;default&#8221; link_option_url=&#8221;#&#8221; global_colors_info=&#8221;{}&#8221; custom_days_label_text=&#8221;Days&#8221; custom_hours_label_text=&#8221;Hours&#8221; custom_minutes_label_text=&#8221;Minutes&#8221; custom_seconds_label_text=&#8221;Seconds&#8221;][et_pb_image src=&#8221;https:\/\/waterexpo.se\/wp-content\/uploads\/2024\/03\/1080-540-press.jpg&#8221; title_text=&#8221;1080-540 press&#8221; url_new_window=&#8221;on&#8221; force_fullwidth=&#8221;on&#8221; module_class=&#8221;puff-image&#8221; _builder_version=&#8221;4.27.5&#8243; _module_preset=&#8221;default&#8221; global_colors_info=&#8221;{}&#8221; custom_days_label_text=&#8221;Days&#8221; custom_hours_label_text=&#8221;Hours&#8221; custom_minutes_label_text=&#8221;Minutes&#8221; custom_seconds_label_text=&#8221;Seconds&#8221;][\/et_pb_image][et_pb_cta title=&#8221;Press releases&#8221; button_url=&#8221;https:\/\/www.mynewsdesk.com\/se\/stockholmsmassan\/latest_news\/tag\/sweden-water-expo&#8221; url_new_window=&#8221;on&#8221; button_text=&#8221;Latest news&#8221; _builder_version=&#8221;4.27.5&#8243; _module_preset=&#8221;68086e2f-ea25-4e13-b7fc-b21a75c95bc8&#8243; header_text_color=&#8221;#FFFFFF&#8221; link_option_url=&#8221;https:\/\/www.mynewsdesk.com\/se\/stockholmsmassan\/latest_news\/tag\/sweden-water-expo&#8221; link_option_url_new_window=&#8221;on&#8221; global_colors_info=&#8221;{%22gcid-m0fraqv3-qztm-9290-df11-7p07yu2mtcg6%22:%91%22button_text_color%22,%22button_border_color%22,%22button_text_color__hover%22%93,%22gcid-zqmeyyr1-ozjs-tdol-t9th-kdmdqxufunhr%22:%91%22button_border_color%22,%22button_bg_color%22,%22button_border_color%22,%22button_bg_color%22,%22button_border_color%22,%22button_bg_color%22,%22button_border_color%22,%22button_bg_color%22,%22button_border_color%22,%22button_border_color%22%93,%22gcid-rpq7hh92-raei-ujt7-9px1-91bouldh3khq%22:%91%22button_border_color__hover%22%93,%22gcid-8ctl9olw-qzl0-39sh-h9m4-2r68cuzkve1q%22:%91%22button_border_color%22,%22button_bg_color%22,%22button_bg_color%22,%22button_bg_color%22,%22button_bg_color%22%93,%22gcid-xe7ua1bg-8o1q-uq3m-f8ql-qk12tgltkuk4%22:%91%22button_border_color__hover%22,%22button_bg_color__hover%22%93,%22gcid-b1vezamf-03sf-crky-v342-jj7uc24ewnda%22:%91%22button_text_color%22%93}&#8221; custom_days_label_text=&#8221;Days&#8221; custom_hours_label_text=&#8221;Hours&#8221; custom_minutes_label_text=&#8221;Minutes&#8221; custom_seconds_label_text=&#8221;Seconds&#8221;][\/et_pb_cta][\/et_pb_column][et_pb_column type=&#8221;1_4&#8243; _builder_version=&#8221;4.24.2&#8243; _module_preset=&#8221;default&#8221; link_option_url=&#8221;#&#8221; global_colors_info=&#8221;{}&#8221; custom_days_label_text=&#8221;Days&#8221; custom_hours_label_text=&#8221;Hours&#8221; custom_minutes_label_text=&#8221;Minutes&#8221; custom_seconds_label_text=&#8221;Seconds&#8221;][et_pb_image src=&#8221;https:\/\/waterexpo.se\/wp-content\/uploads\/2024\/03\/ackreditering-1080-540-px-mellan.jpg&#8221; title_text=&#8221;accreditation 1080-540 px between&#8221; url=&#8221;https:\/\/stockholmsmassan.se\/en\/press\/accreditation\/apply-for-accreditation\/&#8221; url_new_window=&#8221;on&#8221; force_fullwidth=&#8221;on&#8221; module_class=&#8221;puff-image&#8221; _builder_version=&#8221;4.27.5&#8243; _module_preset=&#8221;default&#8221; global_colors_info=&#8221;{}&#8221; custom_days_label_text=&#8221;Days&#8221; custom_hours_label_text=&#8221;Hours&#8221; custom_minutes_label_text=&#8221;Minutes&#8221; custom_seconds_label_text=&#8221;Seconds&#8221;][\/et_pb_image][et_pb_cta title=&#8221;Accreditation&#8221; button_url=&#8221;https:\/\/stockholmsmassan.se\/en\/press\/accreditation\/apply-for-accreditation\/&#8221; url_new_window=&#8221;on&#8221; button_text=&#8221;Get accredited&#8221; _builder_version=&#8221;4.27.5&#8243; _module_preset=&#8221;68086e2f-ea25-4e13-b7fc-b21a75c95bc8&#8243; header_text_color=&#8221;#FFFFFF&#8221; global_colors_info=&#8221;{%22gcid-m0fraqv3-qztm-9290-df11-7p07yu2mtcg6%22:%91%22button_text_color%22,%22button_border_color%22,%22button_text_color__hover%22%93,%22gcid-zqmeyyr1-ozjs-tdol-t9th-kdmdqxufunhr%22:%91%22button_border_color%22,%22button_bg_color%22,%22button_border_color%22,%22button_bg_color%22,%22button_border_color%22,%22button_bg_color%22,%22button_border_color%22,%22button_bg_color%22,%22button_border_color%22,%22button_border_color%22%93,%22gcid-rpq7hh92-raei-ujt7-9px1-91bouldh3khq%22:%91%22button_border_color__hover%22%93,%22gcid-8ctl9olw-qzl0-39sh-h9m4-2r68cuzkve1q%22:%91%22button_border_color%22,%22button_bg_color%22,%22button_bg_color%22,%22button_bg_color%22,%22button_bg_color%22%93,%22gcid-xe7ua1bg-8o1q-uq3m-f8ql-qk12tgltkuk4%22:%91%22button_border_color__hover%22,%22button_bg_color__hover%22%93,%22gcid-b1vezamf-03sf-crky-v342-jj7uc24ewnda%22:%91%22button_text_color%22%93}&#8221; custom_days_label_text=&#8221;Days&#8221; custom_hours_label_text=&#8221;Hours&#8221; custom_minutes_label_text=&#8221;Minutes&#8221; custom_seconds_label_text=&#8221;Seconds&#8221;][\/et_pb_cta][\/et_pb_column][et_pb_column type=&#8221;1_4&#8243; _builder_version=&#8221;4.24.2&#8243; _module_preset=&#8221;default&#8221; link_option_url=&#8221;#&#8221; global_colors_info=&#8221;{}&#8221; custom_days_label_text=&#8221;Days&#8221; custom_hours_label_text=&#8221;Hours&#8221; custom_minutes_label_text=&#8221;Minutes&#8221; custom_seconds_label_text=&#8221;Seconds&#8221;][et_pb_image src=&#8221;https:\/\/waterexpo.se\/wp-content\/uploads\/2024\/03\/pressbilder.jpg&#8221; title_text=&#8221;press photos&#8221; url=&#8221;https:\/\/stockholmsmassan.mediaflowportal.com\/folder\/1380658\/&#8221; force_fullwidth=&#8221;on&#8221; module_class=&#8221;puff-image&#8221; _builder_version=&#8221;4.27.5&#8243; _module_preset=&#8221;default&#8221; global_colors_info=&#8221;{}&#8221; custom_days_label_text=&#8221;Days&#8221; custom_hours_label_text=&#8221;Hours&#8221; custom_minutes_label_text=&#8221;Minutes&#8221; custom_seconds_label_text=&#8221;Seconds&#8221;][\/et_pb_image][et_pb_cta title=&#8221;Press photos&#8221; button_url=&#8221;https:\/\/stockholmsmassan.mediaflowportal.com\/folder\/1380658\/&#8221; button_text=&#8221;Our image bank&#8221; _builder_version=&#8221;4.27.5&#8243; _module_preset=&#8221;68086e2f-ea25-4e13-b7fc-b21a75c95bc8&#8243; header_text_color=&#8221;#FFFFFF&#8221; global_colors_info=&#8221;{%22gcid-m0fraqv3-qztm-9290-df11-7p07yu2mtcg6%22:%91%22button_text_color%22,%22button_border_color%22,%22button_text_color__hover%22%93,%22gcid-zqmeyyr1-ozjs-tdol-t9th-kdmdqxufunhr%22:%91%22button_border_color%22,%22button_bg_color%22,%22button_border_color%22,%22button_bg_color%22,%22button_border_color%22,%22button_bg_color%22,%22button_border_color%22,%22button_bg_color%22,%22button_border_color%22,%22button_border_color%22%93,%22gcid-rpq7hh92-raei-ujt7-9px1-91bouldh3khq%22:%91%22button_border_color__hover%22%93,%22gcid-8ctl9olw-qzl0-39sh-h9m4-2r68cuzkve1q%22:%91%22button_border_color%22,%22button_bg_color%22,%22button_bg_color%22,%22button_bg_color%22,%22button_bg_color%22%93,%22gcid-xe7ua1bg-8o1q-uq3m-f8ql-qk12tgltkuk4%22:%91%22button_border_color__hover%22,%22button_bg_color__hover%22%93,%22gcid-b1vezamf-03sf-crky-v342-jj7uc24ewnda%22:%91%22button_text_color%22%93}&#8221; custom_days_label_text=&#8221;Days&#8221; custom_hours_label_text=&#8221;Hours&#8221; custom_minutes_label_text=&#8221;Minutes&#8221; custom_seconds_label_text=&#8221;Seconds&#8221;][\/et_pb_cta][\/et_pb_column][et_pb_column type=&#8221;1_4&#8243; _builder_version=&#8221;4.24.2&#8243; _module_preset=&#8221;default&#8221; link_option_url=&#8221;#&#8221; global_colors_info=&#8221;{}&#8221; custom_days_label_text=&#8221;Days&#8221; custom_hours_label_text=&#8221;Hours&#8221; custom_minutes_label_text=&#8221;Minutes&#8221; custom_seconds_label_text=&#8221;Seconds&#8221;][et_pb_image src=&#8221;https:\/\/waterexpo.se\/wp-content\/uploads\/2024\/03\/presshjalp-1080-540.jpg&#8221; title_text=&#8221;press assistance 1080-540&#8243; url=&#8221;https:\/\/stockholmsmassan.se\/press\/presscenter\/&#8221; url_new_window=&#8221;on&#8221; force_fullwidth=&#8221;on&#8221; module_class=&#8221;puff-image&#8221; _builder_version=&#8221;4.27.5&#8243; _module_preset=&#8221;default&#8221; global_colors_info=&#8221;{}&#8221; custom_days_label_text=&#8221;Days&#8221; custom_hours_label_text=&#8221;Hours&#8221; custom_minutes_label_text=&#8221;Minutes&#8221; custom_seconds_label_text=&#8221;Seconds&#8221;][\/et_pb_image][et_pb_cta title=&#8221;Press center&#8221; button_url=&#8221;https:\/\/stockholmsmassan.se\/press\/presscenter\/&#8221; url_new_window=&#8221;on&#8221; button_text=&#8221;Welcome to the website&#8221; _builder_version=&#8221;4.27.5&#8243; _module_preset=&#8221;68086e2f-ea25-4e13-b7fc-b21a75c95bc8&#8243; header_text_color=&#8221;#FFFFFF&#8221; global_colors_info=&#8221;{%22gcid-m0fraqv3-qztm-9290-df11-7p07yu2mtcg6%22:%91%22button_text_color%22,%22button_border_color%22,%22button_text_color__hover%22%93,%22gcid-zqmeyyr1-ozjs-tdol-t9th-kdmdqxufunhr%22:%91%22button_border_color%22,%22button_bg_color%22,%22button_border_color%22,%22button_bg_color%22,%22button_border_color%22,%22button_bg_color%22,%22button_border_color%22,%22button_bg_color%22,%22button_border_color%22,%22button_border_color%22%93,%22gcid-rpq7hh92-raei-ujt7-9px1-91bouldh3khq%22:%91%22button_border_color__hover%22%93,%22gcid-8ctl9olw-qzl0-39sh-h9m4-2r68cuzkve1q%22:%91%22button_border_color%22,%22button_bg_color%22,%22button_bg_color%22,%22button_bg_color%22,%22button_bg_color%22%93,%22gcid-xe7ua1bg-8o1q-uq3m-f8ql-qk12tgltkuk4%22:%91%22button_border_color__hover%22,%22button_bg_color__hover%22%93,%22gcid-b1vezamf-03sf-crky-v342-jj7uc24ewnda%22:%91%22button_text_color%22%93}&#8221; custom_days_label_text=&#8221;Days&#8221; custom_hours_label_text=&#8221;Hours&#8221; custom_minutes_label_text=&#8221;Minutes&#8221; custom_seconds_label_text=&#8221;Seconds&#8221;][\/et_pb_cta][\/et_pb_column][\/et_pb_row][\/et_pb_section]<\/p>\n","protected":false},"excerpt":{"rendered":"<p>Welcome to Stockholmsm\u00e4ssan&#8217;s press departmentHere you will find Nordiska Tr\u00e4dg\u00e5rdar press releases, high-resolution images, logos and press accreditation applications. During the fair, our Press Center at the fair is usually [&hellip;]<\/p>\n","protected":false},"author":1,"featured_media":3322119,"parent":0,"menu_order":0,"comment_status":"closed","ping_status":"closed","template":"","meta":{"_et_pb_use_builder":"on","_et_pb_old_content":"","_et_gb_content_width":"","footnotes":""},"hf_cat_page":[78],"class_list":["post-3315795","page","type-page","status-publish","has-post-thumbnail","hentry"],"_links":{"self":[{"href":"https:\/\/waterexpo.se\/en\/wp-json\/wp\/v2\/pages\/3315795","targetHints":{"allow":["GET"]}}],"collection":[{"href":"https:\/\/waterexpo.se\/en\/wp-json\/wp\/v2\/pages"}],"about":[{"href":"https:\/\/waterexpo.se\/en\/wp-json\/wp\/v2\/types\/page"}],"author":[{"embeddable":true,"href":"https:\/\/waterexpo.se\/en\/wp-json\/wp\/v2\/users\/1"}],"replies":[{"embeddable":true,"href":"https:\/\/waterexpo.se\/en\/wp-json\/wp\/v2\/comments?post=3315795"}],"version-history":[{"count":11,"href":"https:\/\/waterexpo.se\/en\/wp-json\/wp\/v2\/pages\/3315795\/revisions"}],"predecessor-version":[{"id":3335345,"href":"https:\/\/waterexpo.se\/en\/wp-json\/wp\/v2\/pages\/3315795\/revisions\/3335345"}],"wp:featuredmedia":[{"embeddable":true,"href":"https:\/\/waterexpo.se\/en\/wp-json\/wp\/v2\/media\/3322119"}],"wp:attachment":[{"href":"https:\/\/waterexpo.se\/en\/wp-json\/wp\/v2\/media?parent=3315795"}],"wp:term":[{"taxonomy":"hf_cat_page","embeddable":true,"href":"https:\/\/waterexpo.se\/en\/wp-json\/wp\/v2\/hf_cat_page?post=3315795"}],"curies":[{"name":"wp","href":"https:\/\/api.w.org\/{rel}","templated":true}]}}