{"id":3312787,"date":"2024-02-27T11:36:03","date_gmt":"2024-02-27T10:36:03","guid":{"rendered":"https:\/\/dev.formex.se\/for-visitors\/"},"modified":"2025-10-27T16:03:54","modified_gmt":"2025-10-27T15:03:54","slug":"for-visitors","status":"publish","type":"page","link":"https:\/\/waterexpo.se\/en\/for-visitors\/","title":{"rendered":"For visitors"},"content":{"rendered":"<p>[et_pb_section fb_built=&#8221;1&#8243; _builder_version=&#8221;4.27.4&#8243; _module_preset=&#8221;cc13b404-e2cb-487a-af92-9662f550d502&#8243; background_color=&#8221;#0068A2&#8243; use_background_color_gradient=&#8221;on&#8221; background_color_gradient_stops=&#8221;rgba(0,0,0,0) 50%|rgba(0,0,0,0.9) 100%&#8221; background_color_gradient_overlays_image=&#8221;on&#8221; background_image=&#8221;https:\/\/waterexpo.se\/wp-content\/uploads\/2024\/10\/for-besokare-swe-1920&#215;980-1.jpg&#8221; background_enable_image=&#8221;on&#8221; custom_margin=&#8221;||||false|false&#8221; global_colors_info=&#8221;{%22gcid-zqmeyyr1-ozjs-tdol-t9th-kdmdqxufunhr%22:%91%22border_color_right%22,%22border_color_right%22,%22border_color_right%22,%22border_color_right%22%93}&#8221;][et_pb_row _builder_version=&#8221;4.27.4&#8243; _module_preset=&#8221;087478c9-bc28-42e0-b4eb-af3ef24da15a&#8221; background_enable_image=&#8221;off&#8221; background_enable_video_mp4=&#8221;off&#8221; background_enable_video_webm=&#8221;off&#8221; global_colors_info=&#8221;{}&#8221;][et_pb_column type=&#8221;4_4&#8243; _builder_version=&#8221;4.24.0&#8243; _module_preset=&#8221;default&#8221; global_colors_info=&#8221;{}&#8221;][et_pb_cta title=&#8221;For visitors&#8221; button_url=&#8221;#&#8221; _builder_version=&#8221;4.27.4&#8243; _module_preset=&#8221;eeb10789-0922-445d-be67-cf374fa445b8&#8243; custom_margin=&#8221;|73px||||&#8221; custom_padding=&#8221;|196px||||&#8221; global_colors_info=&#8221;{%22gcid-m0fraqv3-qztm-9290-df11-7p07yu2mtcg6%22:%91%22header_text_color%22,%22button_text_color%22,%22button_border_color%22,%22header_text_color%22,%22button_text_color%22,%22button_border_color%22%93,%22gcid-zqmeyyr1-ozjs-tdol-t9th-kdmdqxufunhr%22:%91%22button_border_color%22,%22button_bg_color%22,%22button_border_color%22,%22button_bg_color%22,%22button_border_color%22,%22button_bg_color%22,%22button_border_color%22,%22button_bg_color%22%93,%22gcid-xe7ua1bg-8o1q-uq3m-f8ql-qk12tgltkuk4%22:%91%22button_border_color__hover%22,%22button_bg_color__hover%22%93,%22gcid-8ctl9olw-qzl0-39sh-h9m4-2r68cuzkve1q%22:%91%22button_border_color%22,%22button_border_color%22,%22button_border_color%22%93}&#8221;]<\/p>\n<p>Sweden&#8217;s largest regional meeting place for the water industry in Stockholm &#8211; Sweden Water Expo<\/p>\n<p>[\/et_pb_cta][\/et_pb_column][\/et_pb_row][\/et_pb_section][et_pb_section fb_built=&#8221;1&#8243; admin_label=&#8221;Text 50\/50&#8243; _builder_version=&#8221;4.27.4&#8243; _module_preset=&#8221;34b06a86-dc81-4983-919e-0fd7f286eb1b&#8221; background_color=&#8221;#E3F3F3&#8243; min_height=&#8221;518px&#8221; custom_margin=&#8221;||-7px|||&#8221; custom_padding=&#8221;50px||0px||false|false&#8221; locked=&#8221;off&#8221; global_colors_info=&#8221;{}&#8221;][et_pb_row custom_padding_last_edited=&#8221;on|phone&#8221; _builder_version=&#8221;4.24.2&#8243; _module_preset=&#8221;default&#8221; custom_margin=&#8221;||||false|false&#8221; custom_padding_tablet=&#8221;20px||||false|false&#8221; custom_padding_phone=&#8221;20px||||false|false&#8221; locked=&#8221;off&#8221;][et_pb_column type=&#8221;4_4&#8243; _builder_version=&#8221;4.23.4&#8243; _module_preset=&#8221;default&#8221; global_colors_info=&#8221;{}&#8221;][et_pb_text _builder_version=&#8221;4.27.0&#8243; _module_preset=&#8221;91303309-ab2a-47f7-86a2-bf644d336a61&#8243; max_width=&#8221;921px&#8221; global_colors_info=&#8221;{}&#8221;]<\/p>\n<h2>Save the date September 16-17, 2026!<\/h2>\n<p>[\/et_pb_text][et_pb_divider _builder_version=&#8221;4.24.3&#8243; _module_preset=&#8221;default&#8221; global_colors_info=&#8221;{}&#8221;][\/et_pb_divider][\/et_pb_column][\/et_pb_row][et_pb_row gutter_width=&#8221;3&#8243; custom_padding_last_edited=&#8221;on|tablet&#8221; module_class=&#8221;text-text-row&#8221; _builder_version=&#8221;4.24.3&#8243; _module_preset=&#8221;default&#8221; min_height=&#8221;118px&#8221; custom_padding=&#8221;0px||||false|false&#8221; custom_padding_tablet=&#8221;||0px||false|false&#8221; custom_padding_phone=&#8221;||0px||false|false&#8221; locked=&#8221;off&#8221;][et_pb_column type=&#8221;4_4&#8243; _builder_version=&#8221;4.24.2&#8243; _module_preset=&#8221;default&#8221; global_colors_info=&#8221;{}&#8221;][et_pb_text _builder_version=&#8221;4.27.4&#8243; _module_preset=&#8221;default&#8221; min_height=&#8221;116px&#8221; global_colors_info=&#8221;{}&#8221;]<\/p>\n<p>Stockholm and M\u00e4lardalen are home to half of Sweden&#8217;s population, and growth continues at a rapid pace.<br \/>A robust and reliable water and wastewater infrastructure will be crucial for sustainable development.<br \/>To meet the needs, Stockholmsm\u00e4ssan is launching Sweden Water Expo, a new trade fair and meeting place for the water and wastewater sector, which will take place on September 16-17, 2026.<\/p>\n<p>A two-day event with great potential \u2013 easily accessible for visitors and efficient for exhibitors! Profitable business meetings don\u2019t just happen during the day. On the first afternoon, we set the stage for After Fair on the exhibition floor with great food and drinks. A perfect opportunity to mingle and strengthen relationships before the evening begins   <\/p>\n<p>Don&#8217;t miss a unique opportunity for future and profitable business meetings!<\/p>\n<p>[\/et_pb_text][\/et_pb_column][\/et_pb_row][\/et_pb_section][et_pb_section fb_built=&#8221;1&#8243; admin_label=&#8221;Bild 1\/2 + Text 1\/2&#8243; _builder_version=&#8221;4.24.2&#8243; _module_preset=&#8221;90f7fcc8-011e-4540-8598-a12e53a29ab5&#8243; global_colors_info=&#8221;{%22gcid-zqmeyyr1-ozjs-tdol-t9th-kdmdqxufunhr%22:%91%22border_color_right%22,%22border_color_right%22%93}&#8221;][et_pb_row column_structure=&#8221;1_2,1_2&#8243; gutter_width=&#8221;3&#8243; make_equal=&#8221;on&#8221; module_class=&#8221;image-text&#8221; _builder_version=&#8221;4.24.2&#8243; _module_preset=&#8221;default&#8221;][et_pb_column type=&#8221;1_2&#8243; _builder_version=&#8221;4.23.4&#8243; _module_preset=&#8221;default&#8221; global_colors_info=&#8221;{}&#8221;][et_pb_image src=&#8221;https:\/\/waterexpo.se\/wp-content\/uploads\/2024\/10\/for-besokare-infor-swe-1080&#215;540-1.jpg&#8221; alt=&#8221;A woman drinking water from a water bottle&#8221; title_text=&#8221;for-besokare-infor-swe-1080&#215;540&#8243; url=&#8221;@ET-DC@eyJkeW5hbWljIjp0cnVlLCJjb250ZW50IjoicG9zdF9saW5rX3VybF9wYWdlIiwic2V0dGluZ3MiOnsicG9zdF9pZCI6IjMzMTMyOTIiLCJlbmFibGVfaHRtbCI6Im9mZiJ9fQ==@&#8221; force_fullwidth=&#8221;on&#8221; module_class=&#8221;puff-image&#8221; _builder_version=&#8221;4.27.0&#8243; _dynamic_attributes=&#8221;url&#8221; _module_preset=&#8221;default&#8221; locked=&#8221;off&#8221; global_colors_info=&#8221;{}&#8221;][\/et_pb_image][\/et_pb_column][et_pb_column type=&#8221;1_2&#8243; _builder_version=&#8221;4.23.4&#8243; _module_preset=&#8221;default&#8221; global_colors_info=&#8221;{}&#8221;][et_pb_cta title=&#8221;Prior to your visit&#8221; button_url=&#8221;@ET-DC@eyJkeW5hbWljIjp0cnVlLCJjb250ZW50IjoicG9zdF9saW5rX3VybF9wYWdlIiwic2V0dGluZ3MiOnsicG9zdF9pZCI6IjMzMTMyOTIiLCJlbmFibGVfaHRtbCI6Im9mZiJ9fQ==@&#8221; button_text=&#8221;Prior to your visit&#8221; _builder_version=&#8221;4.27.4&#8243; _dynamic_attributes=&#8221;button_url&#8221; _module_preset=&#8221;_initial&#8221; hover_enabled=&#8221;0&#8243; global_colors_info=&#8221;{%22gcid-m0fraqv3-qztm-9290-df11-7p07yu2mtcg6%22:%91%22button_text_color%22,%22header_text_color%22,%22body_text_color%22%93,%22gcid-8ctl9olw-qzl0-39sh-h9m4-2r68cuzkve1q%22:%91%22button_border_color%22,%22button_border_color__hover%22%93,%22gcid-zqmeyyr1-ozjs-tdol-t9th-kdmdqxufunhr%22:%91%22button_border_color%22%93,%22gcid-xe7ua1bg-8o1q-uq3m-f8ql-qk12tgltkuk4%22:%91%22button_border_color__hover%22,%22button_border_color__hover%22%93}&#8221; button_bg_color__hover_enabled=&#8221;on|desktop&#8221; sticky_enabled=&#8221;0&#8243;]<\/p>\n<p>Located in \u00c4lvsj\u00f6, only 9 minutes from Stockholm City, you will find Stockholmsm\u00e4ssan. Do you want to know how to get here, which restaurants we have, or perhaps where to find a parking space with charging facilities? Whatever you want to know prior to your visit, you can find the answer here.<\/p>\n<p>[\/et_pb_cta][\/et_pb_column][\/et_pb_row][\/et_pb_section]<\/p>\n","protected":false},"excerpt":{"rendered":"<p>Sweden&#8217;s largest regional meeting place for the water industry in Stockholm &#8211; Sweden Water ExpoSave the date September 16-17, 2026!Stockholm and M\u00e4lardalen are home to half of Sweden&#8217;s population, and [&hellip;]<\/p>\n","protected":false},"author":1,"featured_media":3322119,"parent":0,"menu_order":0,"comment_status":"closed","ping_status":"closed","template":"","meta":{"_et_pb_use_builder":"on","_et_pb_old_content":"","_et_gb_content_width":"","footnotes":""},"hf_cat_page":[],"class_list":["post-3312787","page","type-page","status-publish","has-post-thumbnail","hentry"],"_links":{"self":[{"href":"https:\/\/waterexpo.se\/en\/wp-json\/wp\/v2\/pages\/3312787","targetHints":{"allow":["GET"]}}],"collection":[{"href":"https:\/\/waterexpo.se\/en\/wp-json\/wp\/v2\/pages"}],"about":[{"href":"https:\/\/waterexpo.se\/en\/wp-json\/wp\/v2\/types\/page"}],"author":[{"embeddable":true,"href":"https:\/\/waterexpo.se\/en\/wp-json\/wp\/v2\/users\/1"}],"replies":[{"embeddable":true,"href":"https:\/\/waterexpo.se\/en\/wp-json\/wp\/v2\/comments?post=3312787"}],"version-history":[{"count":12,"href":"https:\/\/waterexpo.se\/en\/wp-json\/wp\/v2\/pages\/3312787\/revisions"}],"predecessor-version":[{"id":3324341,"href":"https:\/\/waterexpo.se\/en\/wp-json\/wp\/v2\/pages\/3312787\/revisions\/3324341"}],"wp:featuredmedia":[{"embeddable":true,"href":"https:\/\/waterexpo.se\/en\/wp-json\/wp\/v2\/media\/3322119"}],"wp:attachment":[{"href":"https:\/\/waterexpo.se\/en\/wp-json\/wp\/v2\/media?parent=3312787"}],"wp:term":[{"taxonomy":"hf_cat_page","embeddable":true,"href":"https:\/\/waterexpo.se\/en\/wp-json\/wp\/v2\/hf_cat_page?post=3312787"}],"curies":[{"name":"wp","href":"https:\/\/api.w.org\/{rel}","templated":true}]}}